{"id":43,"date":"2022-11-28T21:21:00","date_gmt":"2022-11-28T18:21:00","guid":{"rendered":"https:\/\/www.rearmuhendislik.com\/?page_id=43"},"modified":"2022-11-28T21:21:00","modified_gmt":"2022-11-28T18:21:00","slug":"hizmetlerimiz","status":"publish","type":"page","link":"https:\/\/www.rearmuhendislik.com\/index.php\/hizmetlerimiz\/","title":{"rendered":"Hizmetlerimiz"},"content":{"rendered":"\n<p>Ba\u015fta Kahramanmara\u015f olmak \u00fczere T\u00fcrkiye geneli hizmet vermekteyiz.<\/p>\n\n\n\n<div class=\"wp-block-columns is-layout-flex wp-container-core-columns-is-layout-9d6595d7 wp-block-columns-is-layout-flex\">\n<div class=\"wp-block-column is-layout-flow wp-block-column-is-layout-flow\">\n<h2 class=\"wp-block-heading\">Al\u00e7ak Gerilim \u2013 Orta Gerilim Projelendirme<\/h2>\n<\/div>\n\n\n\n<div class=\"wp-block-column is-layout-flow wp-block-column-is-layout-flow\">\n<h2 class=\"wp-block-heading\">Elektrik \u2013 Elektronik Taahh\u00fct ve Dan\u0131\u015fmanl\u0131k<\/h2>\n<\/div>\n\n\n\n<div class=\"wp-block-column is-layout-flow wp-block-column-is-layout-flow\">\n<h2 class=\"wp-block-heading\">Topraklama \u00d6l\u00e7\u00fcm\u00fc ve Raporland\u0131r\u0131lmas\u0131<\/h2>\n<\/div>\n<\/div>\n\n\n\n<div class=\"wp-block-columns is-layout-flex wp-container-core-columns-is-layout-9d6595d7 wp-block-columns-is-layout-flex\">\n<div class=\"wp-block-column is-layout-flow wp-block-column-is-layout-flow\">\n<h2 class=\"wp-block-heading\">Y\u00fcksek Gerilim Trafo \u0130\u015fletme Sorumlulu\u011fu<\/h2>\n<\/div>\n\n\n\n<div class=\"wp-block-column is-layout-flow wp-block-column-is-layout-flow\">\n<h2 class=\"wp-block-heading\">Kompanzasyon Panosu<\/h2>\n<\/div>\n\n\n\n<div class=\"wp-block-column is-layout-flow wp-block-column-is-layout-flow\">\n<h2 class=\"wp-block-heading\">Elektrik \u0130\u00e7 Tesisat Kontrol\u00fc \u00d6l\u00e7\u00fcmleri<\/h2>\n<\/div>\n<\/div>\n\n\n\n<div class=\"wp-block-columns is-layout-flex wp-container-core-columns-is-layout-9d6595d7 wp-block-columns-is-layout-flex\">\n<div class=\"wp-block-column is-layout-flow wp-block-column-is-layout-flow\">\n<h2 class=\"wp-block-heading\">Y\u0131ld\u0131r\u0131mdan Korunma Sistemleri<\/h2>\n<\/div>\n\n\n\n<div class=\"wp-block-column is-layout-flow wp-block-column-is-layout-flow\">\n<h2 class=\"wp-block-heading\">Elektromanyetik Alan \u00d6l\u00e7\u00fcm\u00fc<\/h2>\n<\/div>\n\n\n\n<div class=\"wp-block-column is-layout-flow wp-block-column-is-layout-flow\">\n<h2 class=\"wp-block-heading\">Termografik (Termal Kamera) G\u00f6r\u00fcnt\u00fcleme<\/h2>\n<\/div>\n<\/div>\n","protected":false},"excerpt":{"rendered":"<p>Ba\u015fta Kahramanmara\u015f olmak \u00fczere T\u00fcrkiye geneli hizmet vermekteyiz. Al\u00e7ak Gerilim \u2013 Orta Gerilim Projelendirme Elektrik \u2013 Elektronik Taahh\u00fct ve Dan\u0131\u015fmanl\u0131k Topraklama \u00d6l\u00e7\u00fcm\u00fc ve Raporland\u0131r\u0131lmas\u0131 Y\u00fcksek Gerilim Trafo \u0130\u015fletme Sorumlulu\u011fu Kompanzasyon Panosu Elektrik \u0130\u00e7 Tesisat Kontrol\u00fc \u00d6l\u00e7\u00fcmleri Y\u0131ld\u0131r\u0131mdan Korunma Sistemleri Elektromanyetik Alan \u00d6l\u00e7\u00fcm\u00fc Termografik (Termal Kamera) G\u00f6r\u00fcnt\u00fcleme<\/p>\n","protected":false},"author":2,"featured_media":0,"parent":0,"menu_order":0,"comment_status":"closed","ping_status":"closed","template":"","meta":{"footnotes":""},"class_list":["post-43","page","type-page","status-publish","hentry"],"_links":{"self":[{"href":"https:\/\/www.rearmuhendislik.com\/index.php\/wp-json\/wp\/v2\/pages\/43","targetHints":{"allow":["GET"]}}],"collection":[{"href":"https:\/\/www.rearmuhendislik.com\/index.php\/wp-json\/wp\/v2\/pages"}],"about":[{"href":"https:\/\/www.rearmuhendislik.com\/index.php\/wp-json\/wp\/v2\/types\/page"}],"author":[{"embeddable":true,"href":"https:\/\/www.rearmuhendislik.com\/index.php\/wp-json\/wp\/v2\/users\/2"}],"replies":[{"embeddable":true,"href":"https:\/\/www.rearmuhendislik.com\/index.php\/wp-json\/wp\/v2\/comments?post=43"}],"version-history":[{"count":1,"href":"https:\/\/www.rearmuhendislik.com\/index.php\/wp-json\/wp\/v2\/pages\/43\/revisions"}],"predecessor-version":[{"id":44,"href":"https:\/\/www.rearmuhendislik.com\/index.php\/wp-json\/wp\/v2\/pages\/43\/revisions\/44"}],"wp:attachment":[{"href":"https:\/\/www.rearmuhendislik.com\/index.php\/wp-json\/wp\/v2\/media?parent=43"}],"curies":[{"name":"wp","href":"https:\/\/api.w.org\/{rel}","templated":true}]}}