{"id":123,"date":"2025-03-05T09:04:16","date_gmt":"2025-03-05T06:04:16","guid":{"rendered":"https:\/\/www.rearmuhendislik.com\/?page_id=123"},"modified":"2025-03-06T10:24:20","modified_gmt":"2025-03-06T07:24:20","slug":"abonelik-alma","status":"publish","type":"page","link":"https:\/\/www.rearmuhendislik.com\/index.php\/abonelik-alma\/","title":{"rendered":"Abonelik Alma"},"content":{"rendered":"\n<div class=\"wp-block-cover\"><span aria-hidden=\"true\" class=\"wp-block-cover__background has-background-dim\" style=\"background-color:#477079\"><\/span><img loading=\"lazy\" decoding=\"async\" width=\"766\" height=\"322\" class=\"wp-block-cover__image-background wp-image-124\" alt=\"\" src=\"https:\/\/www.rearmuhendislik.com\/wp-content\/uploads\/2025\/03\/Elektrik-Aboneligi-icin-Gerekli-Evraklar.png\" data-object-fit=\"cover\" srcset=\"https:\/\/www.rearmuhendislik.com\/wp-content\/uploads\/2025\/03\/Elektrik-Aboneligi-icin-Gerekli-Evraklar.png 766w, https:\/\/www.rearmuhendislik.com\/wp-content\/uploads\/2025\/03\/Elektrik-Aboneligi-icin-Gerekli-Evraklar-300x126.png 300w\" sizes=\"auto, (max-width: 766px) 100vw, 766px\" \/><div class=\"wp-block-cover__inner-container is-layout-constrained wp-block-cover-is-layout-constrained\">\n<p class=\"has-text-align-center has-large-font-size\"><\/p>\n<\/div><\/div>\n\n\n\n<p>Kahramanmara\u015f Merkez &#8211; Oniki\u015fubat &#8211; Dulkadiro\u011flu &#8211; Elbistan &#8211; G\u00f6ksun &#8211; And\u0131r\u0131n &#8211; Af\u015fin &#8211; \u00c7a\u011flayancerit &#8211; Ekin\u00f6z\u00fc &#8211; T\u00fcrko\u011flu &#8211; Pazarc\u0131k &#8211; Nurhak i\u00e7in elektrik abonesi alma s\u00fcre\u00e7lerinizi ba\u015ftan sona haz\u0131rlamaktay\u0131z.  B\u00fct\u00fcn AKEDA\u015e a\u015famalar\u0131nda yan\u0131n\u0131zday\u0131z. Abonelik i\u015flemleriniz i\u00e7in gerekli olan evraklar a\u015fa\u011f\u0131da belirtilmi\u015ftir.<\/p>\n\n\n\n<p>4 \u00e7e\u015fit abonelik bulunmakta ve her abonelikte istenilen belgelerde farkl\u0131l\u0131klar bulunmaktad\u0131r.<\/p>\n\n\n\n<ol class=\"wp-block-list\">\n<li>Mesken (Ev) Aboneli\u011fi<\/li>\n\n\n\n<li>Ticarethane Aboneli\u011fi<\/li>\n\n\n\n<li>\u015eantiye Aboneli\u011fi<\/li>\n\n\n\n<li>Tar\u0131msal Sulama Aboneli\u011fi<\/li>\n<\/ol>\n\n\n\n<div class=\"wp-block-group is-layout-grid wp-container-core-group-is-layout-9649a0d9 wp-block-group-is-layout-grid\">\n<div class=\"wp-block-buttons is-layout-flex wp-block-buttons-is-layout-flex\">\n<div class=\"wp-block-button\"><a class=\"wp-block-button__link wp-element-button\" href=\"https:\/\/www.rearmuhendislik.com\/index.php\/2025\/03\/05\/mesken-aboneligi-icin-gerekli-evraklar-ve-izlenecek-adimlar\/\">Mesken Aboneli\u011fi \u0130\u00e7in Gerekli Evraklar<\/a><\/div>\n<\/div>\n\n\n\n<div class=\"wp-block-buttons is-layout-flex wp-block-buttons-is-layout-flex\">\n<div class=\"wp-block-button\"><a class=\"wp-block-button__link wp-element-button\" href=\"https:\/\/www.rearmuhendislik.com\/index.php\/2025\/03\/06\/ticarethane-isyeri-aboneligi-icin-gerekli-evraklar-ve-izlenecek-adimlar\/\">Ticarethane \u0130\u00e7in Gerekli Evraklar<\/a><\/div>\n<\/div>\n\n\n\n<div class=\"wp-block-buttons is-layout-flex wp-block-buttons-is-layout-flex\">\n<div class=\"wp-block-button\"><a class=\"wp-block-button__link wp-element-button\" href=\"https:\/\/www.rearmuhendislik.com\/index.php\/2025\/03\/06\/santiye-aboneligi-icin-gerekli-evraklar\/\">\u015eantiye Aboneli\u011fi \u0130\u00e7in Gerekli Evraklar<\/a><\/div>\n<\/div>\n\n\n\n<div class=\"wp-block-buttons is-layout-flex wp-block-buttons-is-layout-flex\">\n<div class=\"wp-block-button\"><a class=\"wp-block-button__link wp-element-button\" href=\"https:\/\/www.rearmuhendislik.com\/index.php\/2025\/03\/06\/tarimsal-sulama-icin-gerekli-evraklar\/\">Tar\u0131msal Sulama \u0130\u00e7in Gerekli Evraklar<\/a><\/div>\n<\/div>\n<\/div>\n\n\n\n<p>Ayr\u0131nt\u0131l\u0131 bilgi i\u00e7in bizimle ileti\u015fime ge\u00e7ebilirsiniz.  <\/p>\n\n\n\n<p><\/p>\n","protected":false},"excerpt":{"rendered":"<p>Kahramanmara\u015f Merkez &#8211; Oniki\u015fubat &#8211; Dulkadiro\u011flu &#8211; Elbistan &#8211; G\u00f6ksun &#8211; And\u0131r\u0131n &#8211; Af\u015fin &#8211; \u00c7a\u011flayancerit &#8211; Ekin\u00f6z\u00fc &#8211; T\u00fcrko\u011flu &#8211; Pazarc\u0131k &#8211; Nurhak i\u00e7in elektrik abonesi alma s\u00fcre\u00e7lerinizi ba\u015ftan sona haz\u0131rlamaktay\u0131z. B\u00fct\u00fcn AKEDA\u015e a\u015famalar\u0131nda yan\u0131n\u0131zday\u0131z. Abonelik i\u015flemleriniz i\u00e7in gerekli olan evraklar a\u015fa\u011f\u0131da belirtilmi\u015ftir. 4 \u00e7e\u015fit abonelik bulunmakta ve her abonelikte istenilen belgelerde farkl\u0131l\u0131klar bulunmaktad\u0131r. [&hellip;]<\/p>\n","protected":false},"author":2,"featured_media":0,"parent":0,"menu_order":0,"comment_status":"closed","ping_status":"closed","template":"","meta":{"footnotes":""},"class_list":["post-123","page","type-page","status-publish","hentry"],"_links":{"self":[{"href":"https:\/\/www.rearmuhendislik.com\/index.php\/wp-json\/wp\/v2\/pages\/123","targetHints":{"allow":["GET"]}}],"collection":[{"href":"https:\/\/www.rearmuhendislik.com\/index.php\/wp-json\/wp\/v2\/pages"}],"about":[{"href":"https:\/\/www.rearmuhendislik.com\/index.php\/wp-json\/wp\/v2\/types\/page"}],"author":[{"embeddable":true,"href":"https:\/\/www.rearmuhendislik.com\/index.php\/wp-json\/wp\/v2\/users\/2"}],"replies":[{"embeddable":true,"href":"https:\/\/www.rearmuhendislik.com\/index.php\/wp-json\/wp\/v2\/comments?post=123"}],"version-history":[{"count":5,"href":"https:\/\/www.rearmuhendislik.com\/index.php\/wp-json\/wp\/v2\/pages\/123\/revisions"}],"predecessor-version":[{"id":181,"href":"https:\/\/www.rearmuhendislik.com\/index.php\/wp-json\/wp\/v2\/pages\/123\/revisions\/181"}],"wp:attachment":[{"href":"https:\/\/www.rearmuhendislik.com\/index.php\/wp-json\/wp\/v2\/media?parent=123"}],"curies":[{"name":"wp","href":"https:\/\/api.w.org\/{rel}","templated":true}]}}