{"id":114,"date":"2025-03-03T21:29:41","date_gmt":"2025-03-03T18:29:41","guid":{"rendered":"https:\/\/www.rearmuhendislik.com\/?page_id=114"},"modified":"2025-03-06T10:58:27","modified_gmt":"2025-03-06T07:58:27","slug":"dokumanlar","status":"publish","type":"page","link":"https:\/\/www.rearmuhendislik.com\/index.php\/dokumanlar\/","title":{"rendered":"D\u00f6k\u00fcmanlar"},"content":{"rendered":"\n<p>Bu sayfada abonelik alma, periyodik kontrol ve proje \u00f6rnekleri ba\u015fta olmak \u00fczere bir \u00e7ok belgeye ula\u015fabilirsiniz.<\/p>\n\n\n\n<div class=\"wp-block-buttons is-layout-flex wp-block-buttons-is-layout-flex\">\n<div class=\"wp-block-button\"><a class=\"wp-block-button__link wp-element-button\" href=\"https:\/\/www.rearmuhendislik.com\/index.php\/2025\/03\/06\/abonelikte-kullanilacak-evraklar\/\">Abonelik \u0130\u015flemlerinde Kullan\u0131lacak Formlar\u0131<\/a><\/div>\n<\/div>\n\n\n\n<div class=\"wp-block-buttons is-layout-flex wp-block-buttons-is-layout-flex\">\n<div class=\"wp-block-button\"><a class=\"wp-block-button__link wp-element-button\" href=\"https:\/\/www.rearmuhendislik.com\/index.php\/2025\/03\/06\/periyodik-kontrol-rapor-formlari\/\">Periyodik Kontrol Rapor Formlar\u0131<\/a><\/div>\n<\/div>\n\n\n\n<p><\/p>\n","protected":false},"excerpt":{"rendered":"<p>Bu sayfada abonelik alma, periyodik kontrol ve proje \u00f6rnekleri ba\u015fta olmak \u00fczere bir \u00e7ok belgeye ula\u015fabilirsiniz.<\/p>\n","protected":false},"author":2,"featured_media":0,"parent":0,"menu_order":0,"comment_status":"closed","ping_status":"closed","template":"","meta":{"footnotes":""},"class_list":["post-114","page","type-page","status-publish","hentry"],"_links":{"self":[{"href":"https:\/\/www.rearmuhendislik.com\/index.php\/wp-json\/wp\/v2\/pages\/114","targetHints":{"allow":["GET"]}}],"collection":[{"href":"https:\/\/www.rearmuhendislik.com\/index.php\/wp-json\/wp\/v2\/pages"}],"about":[{"href":"https:\/\/www.rearmuhendislik.com\/index.php\/wp-json\/wp\/v2\/types\/page"}],"author":[{"embeddable":true,"href":"https:\/\/www.rearmuhendislik.com\/index.php\/wp-json\/wp\/v2\/users\/2"}],"replies":[{"embeddable":true,"href":"https:\/\/www.rearmuhendislik.com\/index.php\/wp-json\/wp\/v2\/comments?post=114"}],"version-history":[{"count":4,"href":"https:\/\/www.rearmuhendislik.com\/index.php\/wp-json\/wp\/v2\/pages\/114\/revisions"}],"predecessor-version":[{"id":202,"href":"https:\/\/www.rearmuhendislik.com\/index.php\/wp-json\/wp\/v2\/pages\/114\/revisions\/202"}],"wp:attachment":[{"href":"https:\/\/www.rearmuhendislik.com\/index.php\/wp-json\/wp\/v2\/media?parent=114"}],"curies":[{"name":"wp","href":"https:\/\/api.w.org\/{rel}","templated":true}]}}