{"id":102,"date":"2025-02-27T11:29:54","date_gmt":"2025-02-27T08:29:54","guid":{"rendered":"https:\/\/www.rearmuhendislik.com\/?page_id=102"},"modified":"2025-02-27T12:01:22","modified_gmt":"2025-02-27T09:01:22","slug":"hesaplamalar","status":"publish","type":"page","link":"https:\/\/www.rearmuhendislik.com\/index.php\/hesaplamalar\/","title":{"rendered":"Hesaplamalar"},"content":{"rendered":"\n<p>Gerilim D\u00fc\u015f\u00fcm\u00fc Hesaplama Arac\u0131   <a href=\"https:\/\/www.rearmuhendislik.com\/index.php\/2025\/02\/27\/99\/\">https:\/\/www.rearmuhendislik.com\/index.php\/2025\/02\/27\/99\/<\/a><\/p>\n\n\n\n<p>Kablo Kesiti Hesaplama <a href=\"https:\/\/www.rearmuhendislik.com\/index.php\/2025\/02\/27\/kablo-kesiti-hesaplama\/\">https:\/\/www.rearmuhendislik.com\/index.php\/2025\/02\/27\/kablo-kesiti-hesaplama\/<\/a><\/p>\n\n\n\n<p><\/p>\n","protected":false},"excerpt":{"rendered":"<p>Gerilim D\u00fc\u015f\u00fcm\u00fc Hesaplama Arac\u0131 https:\/\/www.rearmuhendislik.com\/index.php\/2025\/02\/27\/99\/ Kablo Kesiti Hesaplama https:\/\/www.rearmuhendislik.com\/index.php\/2025\/02\/27\/kablo-kesiti-hesaplama\/<\/p>\n","protected":false},"author":2,"featured_media":0,"parent":0,"menu_order":0,"comment_status":"closed","ping_status":"closed","template":"","meta":{"footnotes":""},"class_list":["post-102","page","type-page","status-publish","hentry"],"_links":{"self":[{"href":"https:\/\/www.rearmuhendislik.com\/index.php\/wp-json\/wp\/v2\/pages\/102","targetHints":{"allow":["GET"]}}],"collection":[{"href":"https:\/\/www.rearmuhendislik.com\/index.php\/wp-json\/wp\/v2\/pages"}],"about":[{"href":"https:\/\/www.rearmuhendislik.com\/index.php\/wp-json\/wp\/v2\/types\/page"}],"author":[{"embeddable":true,"href":"https:\/\/www.rearmuhendislik.com\/index.php\/wp-json\/wp\/v2\/users\/2"}],"replies":[{"embeddable":true,"href":"https:\/\/www.rearmuhendislik.com\/index.php\/wp-json\/wp\/v2\/comments?post=102"}],"version-history":[{"count":2,"href":"https:\/\/www.rearmuhendislik.com\/index.php\/wp-json\/wp\/v2\/pages\/102\/revisions"}],"predecessor-version":[{"id":110,"href":"https:\/\/www.rearmuhendislik.com\/index.php\/wp-json\/wp\/v2\/pages\/102\/revisions\/110"}],"wp:attachment":[{"href":"https:\/\/www.rearmuhendislik.com\/index.php\/wp-json\/wp\/v2\/media?parent=102"}],"curies":[{"name":"wp","href":"https:\/\/api.w.org\/{rel}","templated":true}]}}